{"id":2632,"date":"2019-12-27T08:52:30","date_gmt":"2019-12-27T08:52:30","guid":{"rendered":"https:\/\/claire-ioannis-2023.makehappymemories.com\/front-page\/"},"modified":"2023-03-07T10:36:50","modified_gmt":"2023-03-07T10:36:50","slug":"front-page","status":"publish","type":"page","link":"https:\/\/claire-ioannis-2023.makehappymemories.com\/fr\/","title":{"rendered":"Front Page"},"content":{"rendered":"\t\t<div data-elementor-type=\"wp-page\" data-elementor-id=\"2632\" class=\"elementor elementor-2632 elementor-71\" data-elementor-post-type=\"page\">\n\t\t\t\t\t\t<section class=\"elementor-section elementor-top-section elementor-element elementor-element-f51863a elementor-section-full_width elementor-section-height-min-height elementor-section-height-default elementor-section-items-middle\" data-id=\"f51863a\" data-element_type=\"section\" data-e-type=\"section\" data-settings=\"{&quot;background_background&quot;:&quot;classic&quot;}\">\n\t\t\t\t\t\t<div class=\"elementor-container elementor-column-gap-default\">\n\t\t\t\t\t<div class=\"elementor-column elementor-col-100 elementor-top-column elementor-element elementor-element-c453195\" data-id=\"c453195\" data-element_type=\"column\" data-e-type=\"column\">\n\t\t\t<div class=\"elementor-widget-wrap\">\n\t\t\t\t\t\t\t<\/div>\n\t\t<\/div>\n\t\t\t\t\t<\/div>\n\t\t<\/section>\n\t\t\t\t<section class=\"elementor-section elementor-top-section elementor-element elementor-element-e04e33d elementor-section-boxed elementor-section-height-default elementor-section-height-default\" data-id=\"e04e33d\" data-element_type=\"section\" data-e-type=\"section\">\n\t\t\t\t\t\t<div class=\"elementor-container elementor-column-gap-default\">\n\t\t\t\t\t<div class=\"elementor-column elementor-col-100 elementor-top-column elementor-element elementor-element-c4cf5c0\" data-id=\"c4cf5c0\" data-element_type=\"column\" data-e-type=\"column\">\n\t\t\t<div class=\"elementor-widget-wrap elementor-element-populated\">\n\t\t\t\t\t\t<div class=\"elementor-element elementor-element-5e8c3fa elementor-widget elementor-widget-heading\" data-id=\"5e8c3fa\" data-element_type=\"widget\" data-e-type=\"widget\" data-widget_type=\"heading.default\">\n\t\t\t\t<div class=\"elementor-widget-container\">\n\t\t\t\t\t<h2 class=\"elementor-heading-title elementor-size-default\">SAVE THE DATE\n\n<\/h2>\t\t\t\t<\/div>\n\t\t\t\t<\/div>\n\t\t\t\t<div class=\"elementor-element elementor-element-2a10b46 elementor-widget elementor-widget-heading\" data-id=\"2a10b46\" data-element_type=\"widget\" data-e-type=\"widget\" data-widget_type=\"heading.default\">\n\t\t\t\t<div class=\"elementor-widget-container\">\n\t\t\t\t\t<h2 class=\"elementor-heading-title elementor-size-default\">09 . 07 . 2023 | SIFNOS | GREECE<\/h2>\t\t\t\t<\/div>\n\t\t\t\t<\/div>\n\t\t\t\t\t<\/div>\n\t\t<\/div>\n\t\t\t\t\t<\/div>\n\t\t<\/section>\n\t\t\t\t<section class=\"elementor-section elementor-top-section elementor-element elementor-element-10f7ec30 elementor-section-boxed elementor-section-height-default elementor-section-height-default\" data-id=\"10f7ec30\" data-element_type=\"section\" data-e-type=\"section\" data-settings=\"{&quot;background_background&quot;:&quot;classic&quot;}\">\n\t\t\t\t\t\t\t<div class=\"elementor-background-overlay\"><\/div>\n\t\t\t\t\t\t\t<div class=\"elementor-container elementor-column-gap-default\">\n\t\t\t\t\t<div class=\"elementor-column elementor-col-100 elementor-top-column elementor-element elementor-element-482953c5\" data-id=\"482953c5\" data-element_type=\"column\" data-e-type=\"column\">\n\t\t\t<div class=\"elementor-widget-wrap elementor-element-populated\">\n\t\t\t\t\t\t<div class=\"elementor-element elementor-element-5fdcabab elementor-widget-divider--view-line elementor-widget elementor-widget-divider\" data-id=\"5fdcabab\" data-element_type=\"widget\" data-e-type=\"widget\" data-widget_type=\"divider.default\">\n\t\t\t\t<div class=\"elementor-widget-container\">\n\t\t\t\t\t\t\t<div class=\"elementor-divider\">\n\t\t\t<span class=\"elementor-divider-separator\">\n\t\t\t\t\t\t<\/span>\n\t\t<\/div>\n\t\t\t\t\t\t<\/div>\n\t\t\t\t<\/div>\n\t\t\t\t<div class=\"elementor-element elementor-element-1d2bab4e elementor-widget elementor-widget-text-editor\" data-id=\"1d2bab4e\" data-element_type=\"widget\" data-e-type=\"widget\" data-widget_type=\"text-editor.default\">\n\t\t\t\t<div class=\"elementor-widget-container\">\n\t\t\t\t\t\t\t\t\tNous sommes heureux de vous annoncer notre future union et nous esp\u00e9rons que vous vous joindrez \u00e0 nous en ce jour de joie. Nous avons h\u00e2te de c\u00e9l\u00e9brer avec vous notre amour sur la belle \u00eele de Sifnos.<br>Ce site web est un outil important. Il vous permet de confirmer votre pr\u00e9sence (section RSVP) mais \u00e9galement d\u2019en savoir plus sur notre \u00e9v\u00e9nement et de pr\u00e9parer votre s\u00e9jour \u00e0 Sifnos (h\u00e9bergement, location de voiture, etc.)\n<br>N&rsquo;h\u00e9sitez pas \u00e0 consulter le site r\u00e9guli\u00e8rement, nous mettrons \u00e0 jour les informations au fur et \u00e0 mesure !<br>\n\n<br>Avec amour,\n\n<br>Claire et Ioannis\t\t\t\t\t\t\t\t<\/div>\n\t\t\t\t<\/div>\n\t\t\t\t\t<\/div>\n\t\t<\/div>\n\t\t\t\t\t<\/div>\n\t\t<\/section>\n\t\t\t\t<section class=\"elementor-section elementor-top-section elementor-element elementor-element-2cca8e7 elementor-section-height-min-height elementor-section-boxed elementor-section-height-default elementor-section-items-middle\" data-id=\"2cca8e7\" data-element_type=\"section\" data-e-type=\"section\" data-settings=\"{&quot;background_background&quot;:&quot;classic&quot;}\">\n\t\t\t\t\t\t\t<div class=\"elementor-background-overlay\"><\/div>\n\t\t\t\t\t\t\t<div class=\"elementor-container elementor-column-gap-default\">\n\t\t\t\t\t<div class=\"elementor-column elementor-col-100 elementor-top-column elementor-element elementor-element-15132177\" data-id=\"15132177\" data-element_type=\"column\" data-e-type=\"column\" data-settings=\"{&quot;background_background&quot;:&quot;classic&quot;}\">\n\t\t\t<div class=\"elementor-widget-wrap elementor-element-populated\">\n\t\t\t\t\t\t<div class=\"elementor-element elementor-element-63034064 elementor-widget elementor-widget-spacer\" data-id=\"63034064\" data-element_type=\"widget\" data-e-type=\"widget\" data-widget_type=\"spacer.default\">\n\t\t\t\t<div class=\"elementor-widget-container\">\n\t\t\t\t\t\t\t<div class=\"elementor-spacer\">\n\t\t\t<div class=\"elementor-spacer-inner\"><\/div>\n\t\t<\/div>\n\t\t\t\t\t\t<\/div>\n\t\t\t\t<\/div>\n\t\t\t\t<div class=\"elementor-element elementor-element-c645dcd elementor-widget elementor-widget-spacer\" data-id=\"c645dcd\" data-element_type=\"widget\" data-e-type=\"widget\" data-widget_type=\"spacer.default\">\n\t\t\t\t<div class=\"elementor-widget-container\">\n\t\t\t\t\t\t\t<div class=\"elementor-spacer\">\n\t\t\t<div class=\"elementor-spacer-inner\"><\/div>\n\t\t<\/div>\n\t\t\t\t\t\t<\/div>\n\t\t\t\t<\/div>\n\t\t\t\t\t<\/div>\n\t\t<\/div>\n\t\t\t\t\t<\/div>\n\t\t<\/section>\n\t\t\t\t<\/div>\n\t\t","protected":false},"excerpt":{"rendered":"<p>SAVE THE DATE 09 . 07 . 2023 | SIFNOS | GREECE Nous sommes heureux de vous annoncer notre future union et nous esp\u00e9rons que vous vous joindrez \u00e0 nous en ce jour de joie. Nous avons h\u00e2te de c\u00e9l\u00e9brer avec vous notre amour sur la belle \u00eele de Sifnos.Ce site web est un outil [&hellip;]<\/p>\n","protected":false},"author":4,"featured_media":0,"parent":0,"menu_order":0,"comment_status":"closed","ping_status":"closed","template":"elementor_header_footer","meta":{"footnotes":""},"class_list":["post-2632","page","type-page","status-publish","hentry"],"yoast_head":"<!-- This site is optimized with the Yoast SEO plugin v22.3 - https:\/\/yoast.com\/wordpress\/plugins\/seo\/ -->\n<title>Front Page - Claire &amp; Ioannis<\/title>\n<meta name=\"robots\" content=\"index, follow, max-snippet:-1, max-image-preview:large, max-video-preview:-1\" \/>\n<link rel=\"canonical\" href=\"https:\/\/claire-ioannis-2023.makehappymemories.com\/fr\/\" \/>\n<meta property=\"og:locale\" content=\"fr_FR\" \/>\n<meta property=\"og:type\" content=\"article\" \/>\n<meta property=\"og:title\" content=\"Front Page - Claire &amp; Ioannis\" \/>\n<meta property=\"og:description\" content=\"SAVE THE DATE 09 . 07 . 2023 | SIFNOS | GREECE Nous sommes heureux de vous annoncer notre future union et nous esp\u00e9rons que vous vous joindrez \u00e0 nous en ce jour de joie. Nous avons h\u00e2te de c\u00e9l\u00e9brer avec vous notre amour sur la belle \u00eele de Sifnos.Ce site web est un outil [&hellip;]\" \/>\n<meta property=\"og:url\" content=\"https:\/\/claire-ioannis-2023.makehappymemories.com\/fr\/\" \/>\n<meta property=\"og:site_name\" content=\"Claire &amp; Ioannis\" \/>\n<meta property=\"article:modified_time\" content=\"2023-03-07T10:36:50+00:00\" \/>\n<meta name=\"twitter:card\" content=\"summary_large_image\" \/>\n<meta name=\"twitter:label1\" content=\"Dur\u00e9e de lecture estim\u00e9e\" \/>\n\t<meta name=\"twitter:data1\" content=\"1 minute\" \/>\n<script type=\"application\/ld+json\" class=\"yoast-schema-graph\">{\"@context\":\"https:\/\/schema.org\",\"@graph\":[{\"@type\":\"WebPage\",\"@id\":\"https:\/\/claire-ioannis-2023.makehappymemories.com\/fr\/\",\"url\":\"https:\/\/claire-ioannis-2023.makehappymemories.com\/fr\/\",\"name\":\"Front Page - Claire &amp; Ioannis\",\"isPartOf\":{\"@id\":\"https:\/\/claire-ioannis-2023.makehappymemories.com\/fr\/#website\"},\"datePublished\":\"2019-12-27T08:52:30+00:00\",\"dateModified\":\"2023-03-07T10:36:50+00:00\",\"breadcrumb\":{\"@id\":\"https:\/\/claire-ioannis-2023.makehappymemories.com\/fr\/#breadcrumb\"},\"inLanguage\":\"fr-FR\",\"potentialAction\":[{\"@type\":\"ReadAction\",\"target\":[\"https:\/\/claire-ioannis-2023.makehappymemories.com\/fr\/\"]}]},{\"@type\":\"BreadcrumbList\",\"@id\":\"https:\/\/claire-ioannis-2023.makehappymemories.com\/fr\/#breadcrumb\",\"itemListElement\":[{\"@type\":\"ListItem\",\"position\":1,\"name\":\"Home\",\"item\":\"https:\/\/claire-ioannis-2023.makehappymemories.com\/fr\/\"},{\"@type\":\"ListItem\",\"position\":2,\"name\":\"Front Page\"}]},{\"@type\":\"WebSite\",\"@id\":\"https:\/\/claire-ioannis-2023.makehappymemories.com\/fr\/#website\",\"url\":\"https:\/\/claire-ioannis-2023.makehappymemories.com\/fr\/\",\"name\":\"Claire &amp; Ioannis\",\"description\":\"\",\"potentialAction\":[{\"@type\":\"SearchAction\",\"target\":{\"@type\":\"EntryPoint\",\"urlTemplate\":\"https:\/\/claire-ioannis-2023.makehappymemories.com\/fr\/?s={search_term_string}\"},\"query-input\":\"required name=search_term_string\"}],\"inLanguage\":\"fr-FR\"}]}<\/script>\n<!-- \/ Yoast SEO plugin. -->","yoast_head_json":{"title":"Front Page - Claire &amp; Ioannis","robots":{"index":"index","follow":"follow","max-snippet":"max-snippet:-1","max-image-preview":"max-image-preview:large","max-video-preview":"max-video-preview:-1"},"canonical":"https:\/\/claire-ioannis-2023.makehappymemories.com\/fr\/","og_locale":"fr_FR","og_type":"article","og_title":"Front Page - Claire &amp; Ioannis","og_description":"SAVE THE DATE 09 . 07 . 2023 | SIFNOS | GREECE Nous sommes heureux de vous annoncer notre future union et nous esp\u00e9rons que vous vous joindrez \u00e0 nous en ce jour de joie. Nous avons h\u00e2te de c\u00e9l\u00e9brer avec vous notre amour sur la belle \u00eele de Sifnos.Ce site web est un outil [&hellip;]","og_url":"https:\/\/claire-ioannis-2023.makehappymemories.com\/fr\/","og_site_name":"Claire &amp; Ioannis","article_modified_time":"2023-03-07T10:36:50+00:00","twitter_card":"summary_large_image","twitter_misc":{"Dur\u00e9e de lecture estim\u00e9e":"1 minute"},"schema":{"@context":"https:\/\/schema.org","@graph":[{"@type":"WebPage","@id":"https:\/\/claire-ioannis-2023.makehappymemories.com\/fr\/","url":"https:\/\/claire-ioannis-2023.makehappymemories.com\/fr\/","name":"Front Page - Claire &amp; Ioannis","isPartOf":{"@id":"https:\/\/claire-ioannis-2023.makehappymemories.com\/fr\/#website"},"datePublished":"2019-12-27T08:52:30+00:00","dateModified":"2023-03-07T10:36:50+00:00","breadcrumb":{"@id":"https:\/\/claire-ioannis-2023.makehappymemories.com\/fr\/#breadcrumb"},"inLanguage":"fr-FR","potentialAction":[{"@type":"ReadAction","target":["https:\/\/claire-ioannis-2023.makehappymemories.com\/fr\/"]}]},{"@type":"BreadcrumbList","@id":"https:\/\/claire-ioannis-2023.makehappymemories.com\/fr\/#breadcrumb","itemListElement":[{"@type":"ListItem","position":1,"name":"Home","item":"https:\/\/claire-ioannis-2023.makehappymemories.com\/fr\/"},{"@type":"ListItem","position":2,"name":"Front Page"}]},{"@type":"WebSite","@id":"https:\/\/claire-ioannis-2023.makehappymemories.com\/fr\/#website","url":"https:\/\/claire-ioannis-2023.makehappymemories.com\/fr\/","name":"Claire &amp; Ioannis","description":"","potentialAction":[{"@type":"SearchAction","target":{"@type":"EntryPoint","urlTemplate":"https:\/\/claire-ioannis-2023.makehappymemories.com\/fr\/?s={search_term_string}"},"query-input":"required name=search_term_string"}],"inLanguage":"fr-FR"}]}},"_links":{"self":[{"href":"https:\/\/claire-ioannis-2023.makehappymemories.com\/fr\/wp-json\/wp\/v2\/pages\/2632","targetHints":{"allow":["GET"]}}],"collection":[{"href":"https:\/\/claire-ioannis-2023.makehappymemories.com\/fr\/wp-json\/wp\/v2\/pages"}],"about":[{"href":"https:\/\/claire-ioannis-2023.makehappymemories.com\/fr\/wp-json\/wp\/v2\/types\/page"}],"author":[{"embeddable":true,"href":"https:\/\/claire-ioannis-2023.makehappymemories.com\/fr\/wp-json\/wp\/v2\/users\/4"}],"replies":[{"embeddable":true,"href":"https:\/\/claire-ioannis-2023.makehappymemories.com\/fr\/wp-json\/wp\/v2\/comments?post=2632"}],"version-history":[{"count":13,"href":"https:\/\/claire-ioannis-2023.makehappymemories.com\/fr\/wp-json\/wp\/v2\/pages\/2632\/revisions"}],"predecessor-version":[{"id":3497,"href":"https:\/\/claire-ioannis-2023.makehappymemories.com\/fr\/wp-json\/wp\/v2\/pages\/2632\/revisions\/3497"}],"wp:attachment":[{"href":"https:\/\/claire-ioannis-2023.makehappymemories.com\/fr\/wp-json\/wp\/v2\/media?parent=2632"}],"curies":[{"name":"wp","href":"https:\/\/api.w.org\/{rel}","templated":true}]}}