{"id":2634,"date":"2019-12-23T23:09:27","date_gmt":"2019-12-23T23:09:27","guid":{"rendered":"https:\/\/claire-ioannis-2023.makehappymemories.com\/rsvp\/"},"modified":"2023-04-03T08:10:27","modified_gmt":"2023-04-03T08:10:27","slug":"rsvp","status":"publish","type":"page","link":"https:\/\/claire-ioannis-2023.makehappymemories.com\/fr\/rsvp\/","title":{"rendered":"RSVP"},"content":{"rendered":"\t\t<div data-elementor-type=\"wp-page\" data-elementor-id=\"2634\" class=\"elementor elementor-2634\" data-elementor-post-type=\"page\">\n\t\t\t\t\t\t<section class=\"elementor-section elementor-top-section elementor-element elementor-element-e19e908 elementor-section-boxed elementor-section-height-default elementor-section-height-default\" data-id=\"e19e908\" data-element_type=\"section\" data-e-type=\"section\">\n\t\t\t\t\t\t<div class=\"elementor-container elementor-column-gap-default\">\n\t\t\t\t\t<div class=\"elementor-column elementor-col-100 elementor-top-column elementor-element elementor-element-cd83b6e\" data-id=\"cd83b6e\" data-element_type=\"column\" data-e-type=\"column\">\n\t\t\t<div class=\"elementor-widget-wrap elementor-element-populated\">\n\t\t\t\t\t\t<div class=\"elementor-element elementor-element-56861cf elementor-widget elementor-widget-image\" data-id=\"56861cf\" data-element_type=\"widget\" data-e-type=\"widget\" data-widget_type=\"image.default\">\n\t\t\t\t<div class=\"elementor-widget-container\">\n\t\t\t\t\t\t\t\t\t\t\t\t\t\t\t<img fetchpriority=\"high\" decoding=\"async\" width=\"800\" height=\"599\" src=\"https:\/\/img.makehappymemories.com\/2022\/10\/13134649\/agencies_makehappymemories_customers_G8E1GUcKh3kAnz6Famub_2022-10-10_12-29-30_1400X_307025375_781662323128559_4610566277846301200_n-1024x767.jpeg\" class=\"attachment-large size-large wp-image-2546\" alt=\"\" srcset=\"https:\/\/img.makehappymemories.com\/2022\/10\/13134649\/agencies_makehappymemories_customers_G8E1GUcKh3kAnz6Famub_2022-10-10_12-29-30_1400X_307025375_781662323128559_4610566277846301200_n-1024x767.jpeg 1024w, https:\/\/img.makehappymemories.com\/2022\/10\/13134649\/agencies_makehappymemories_customers_G8E1GUcKh3kAnz6Famub_2022-10-10_12-29-30_1400X_307025375_781662323128559_4610566277846301200_n-300x225.jpeg 300w, https:\/\/img.makehappymemories.com\/2022\/10\/13134649\/agencies_makehappymemories_customers_G8E1GUcKh3kAnz6Famub_2022-10-10_12-29-30_1400X_307025375_781662323128559_4610566277846301200_n-768x575.jpeg 768w, https:\/\/img.makehappymemories.com\/2022\/10\/13134649\/agencies_makehappymemories_customers_G8E1GUcKh3kAnz6Famub_2022-10-10_12-29-30_1400X_307025375_781662323128559_4610566277846301200_n-1536x1150.jpeg 1536w, https:\/\/img.makehappymemories.com\/2022\/10\/13134649\/agencies_makehappymemories_customers_G8E1GUcKh3kAnz6Famub_2022-10-10_12-29-30_1400X_307025375_781662323128559_4610566277846301200_n.jpeg 1800w\" sizes=\"(max-width: 800px) 100vw, 800px\" \/>\t\t\t\t\t\t\t\t\t\t\t\t\t\t\t<\/div>\n\t\t\t\t<\/div>\n\t\t\t\t\t<\/div>\n\t\t<\/div>\n\t\t\t\t\t<\/div>\n\t\t<\/section>\n\t\t\t\t<section class=\"elementor-section elementor-top-section elementor-element elementor-element-0624b99 elementor-section-full_width elementor-section-height-default elementor-section-height-default\" data-id=\"0624b99\" data-element_type=\"section\" data-e-type=\"section\">\n\t\t\t\t\t\t<div class=\"elementor-container elementor-column-gap-default\">\n\t\t\t\t\t<div class=\"elementor-column elementor-col-100 elementor-top-column elementor-element elementor-element-7e98d29\" data-id=\"7e98d29\" data-element_type=\"column\" data-e-type=\"column\">\n\t\t\t<div class=\"elementor-widget-wrap elementor-element-populated\">\n\t\t\t\t\t\t<div class=\"elementor-element elementor-element-106db37 elementor-widget elementor-widget-spacer\" data-id=\"106db37\" data-element_type=\"widget\" data-e-type=\"widget\" data-widget_type=\"spacer.default\">\n\t\t\t\t<div class=\"elementor-widget-container\">\n\t\t\t\t\t\t\t<div class=\"elementor-spacer\">\n\t\t\t<div class=\"elementor-spacer-inner\"><\/div>\n\t\t<\/div>\n\t\t\t\t\t\t<\/div>\n\t\t\t\t<\/div>\n\t\t\t\t<div class=\"elementor-element elementor-element-935b26d elementor-widget elementor-widget-text-editor\" data-id=\"935b26d\" data-element_type=\"widget\" data-e-type=\"widget\" data-widget_type=\"text-editor.default\">\n\t\t\t\t<div class=\"elementor-widget-container\">\n\t\t\t\t\t\t\t\t\t<p>Merci d&rsquo;avoir voyag\u00e9 de pr\u00e8s ou de loin pour c\u00e9l\u00e9brer cette journ\u00e9e sp\u00e9ciale avec nous.<\/p>\n<p><strong>Veuillez remplir le formulaire ci-dessous avant le 9 mai 2023. <\/strong>Si vous avez des questions, n&rsquo;h\u00e9sitez pas \u00e0 nous contacter.<\/p>\n\t\t\t\t\t\t\t\t<\/div>\n\t\t\t\t<\/div>\n\t\t\t\t<div class=\"elementor-element elementor-element-10c6f67 elementor-widget elementor-widget-spacer\" data-id=\"10c6f67\" data-element_type=\"widget\" data-e-type=\"widget\" data-widget_type=\"spacer.default\">\n\t\t\t\t<div class=\"elementor-widget-container\">\n\t\t\t\t\t\t\t<div class=\"elementor-spacer\">\n\t\t\t<div class=\"elementor-spacer-inner\"><\/div>\n\t\t<\/div>\n\t\t\t\t\t\t<\/div>\n\t\t\t\t<\/div>\n\t\t\t\t\t<\/div>\n\t\t<\/div>\n\t\t\t\t\t<\/div>\n\t\t<\/section>\n\t\t\t\t<section class=\"elementor-section elementor-top-section elementor-element elementor-element-db5bada elementor-section-boxed elementor-section-height-default elementor-section-height-default\" data-id=\"db5bada\" data-element_type=\"section\" data-e-type=\"section\">\n\t\t\t\t\t\t<div class=\"elementor-container elementor-column-gap-default\">\n\t\t\t\t\t<div class=\"elementor-column elementor-col-100 elementor-top-column elementor-element elementor-element-7c21564\" data-id=\"7c21564\" data-element_type=\"column\" data-e-type=\"column\">\n\t\t\t<div class=\"elementor-widget-wrap elementor-element-populated\">\n\t\t\t\t\t\t<div class=\"elementor-element elementor-element-d5796ef elementor-widget elementor-widget-shortcode\" data-id=\"d5796ef\" data-element_type=\"widget\" data-e-type=\"widget\" data-widget_type=\"shortcode.default\">\n\t\t\t\t<div class=\"elementor-widget-container\">\n\t\t\t\t\t\t\t<div class=\"elementor-shortcode\"><p class=\"wpcf7-contact-form-not-found\"><strong>Erreur\u00a0:<\/strong> Formulaire de contact non trouv\u00e9\u00a0!<\/p><\/div>\n\t\t\t\t\t\t<\/div>\n\t\t\t\t<\/div>\n\t\t\t\t\t<\/div>\n\t\t<\/div>\n\t\t\t\t\t<\/div>\n\t\t<\/section>\n\t\t\t\t<\/div>\n\t\t","protected":false},"excerpt":{"rendered":"<p>Merci d&rsquo;avoir voyag\u00e9 de pr\u00e8s ou de loin pour c\u00e9l\u00e9brer cette journ\u00e9e sp\u00e9ciale avec nous. Veuillez remplir le formulaire ci-dessous avant le 9 mai 2023. Si vous avez des questions, n&rsquo;h\u00e9sitez pas \u00e0 nous contacter.<\/p>\n","protected":false},"author":2,"featured_media":0,"parent":0,"menu_order":0,"comment_status":"closed","ping_status":"closed","template":"elementor_header_footer","meta":{"footnotes":""},"class_list":["post-2634","page","type-page","status-publish","hentry"],"yoast_head":"<!-- This site is optimized with the Yoast SEO plugin v22.3 - https:\/\/yoast.com\/wordpress\/plugins\/seo\/ -->\n<title>RSVP - Claire &amp; Ioannis<\/title>\n<meta name=\"robots\" content=\"index, follow, max-snippet:-1, max-image-preview:large, max-video-preview:-1\" \/>\n<link rel=\"canonical\" href=\"https:\/\/claire-ioannis-2023.makehappymemories.com\/fr\/rsvp\/\" \/>\n<meta property=\"og:locale\" content=\"fr_FR\" \/>\n<meta property=\"og:type\" content=\"article\" \/>\n<meta property=\"og:title\" content=\"RSVP - Claire &amp; Ioannis\" \/>\n<meta property=\"og:description\" content=\"Merci d&rsquo;avoir voyag\u00e9 de pr\u00e8s ou de loin pour c\u00e9l\u00e9brer cette journ\u00e9e sp\u00e9ciale avec nous. Veuillez remplir le formulaire ci-dessous avant le 9 mai 2023. Si vous avez des questions, n&rsquo;h\u00e9sitez pas \u00e0 nous contacter.\" \/>\n<meta property=\"og:url\" content=\"https:\/\/claire-ioannis-2023.makehappymemories.com\/fr\/rsvp\/\" \/>\n<meta property=\"og:site_name\" content=\"Claire &amp; Ioannis\" \/>\n<meta property=\"article:modified_time\" content=\"2023-04-03T08:10:27+00:00\" \/>\n<meta property=\"og:image\" content=\"https:\/\/claire-ioannis-2023.makehappymemories.com\/wp-content\/uploads\/sites\/7\/2022\/10\/agencies_makehappymemories_customers_G8E1GUcKh3kAnz6Famub_2022-10-10_12-29-30_1400X_307025375_781662323128559_4610566277846301200_n-1024x767.jpeg\" \/>\n<meta name=\"twitter:card\" content=\"summary_large_image\" \/>\n<script type=\"application\/ld+json\" class=\"yoast-schema-graph\">{\"@context\":\"https:\/\/schema.org\",\"@graph\":[{\"@type\":\"WebPage\",\"@id\":\"https:\/\/claire-ioannis-2023.makehappymemories.com\/fr\/rsvp\/\",\"url\":\"https:\/\/claire-ioannis-2023.makehappymemories.com\/fr\/rsvp\/\",\"name\":\"RSVP - Claire &amp; Ioannis\",\"isPartOf\":{\"@id\":\"https:\/\/claire-ioannis-2023.makehappymemories.com\/fr\/#website\"},\"primaryImageOfPage\":{\"@id\":\"https:\/\/claire-ioannis-2023.makehappymemories.com\/fr\/rsvp\/#primaryimage\"},\"image\":{\"@id\":\"https:\/\/claire-ioannis-2023.makehappymemories.com\/fr\/rsvp\/#primaryimage\"},\"thumbnailUrl\":\"https:\/\/claire-ioannis-2023.makehappymemories.com\/wp-content\/uploads\/sites\/7\/2022\/10\/agencies_makehappymemories_customers_G8E1GUcKh3kAnz6Famub_2022-10-10_12-29-30_1400X_307025375_781662323128559_4610566277846301200_n-1024x767.jpeg\",\"datePublished\":\"2019-12-23T23:09:27+00:00\",\"dateModified\":\"2023-04-03T08:10:27+00:00\",\"breadcrumb\":{\"@id\":\"https:\/\/claire-ioannis-2023.makehappymemories.com\/fr\/rsvp\/#breadcrumb\"},\"inLanguage\":\"fr-FR\",\"potentialAction\":[{\"@type\":\"ReadAction\",\"target\":[\"https:\/\/claire-ioannis-2023.makehappymemories.com\/fr\/rsvp\/\"]}]},{\"@type\":\"ImageObject\",\"inLanguage\":\"fr-FR\",\"@id\":\"https:\/\/claire-ioannis-2023.makehappymemories.com\/fr\/rsvp\/#primaryimage\",\"url\":\"https:\/\/claire-ioannis-2023.makehappymemories.com\/wp-content\/uploads\/sites\/7\/2022\/10\/agencies_makehappymemories_customers_G8E1GUcKh3kAnz6Famub_2022-10-10_12-29-30_1400X_307025375_781662323128559_4610566277846301200_n-1024x767.jpeg\",\"contentUrl\":\"https:\/\/claire-ioannis-2023.makehappymemories.com\/wp-content\/uploads\/sites\/7\/2022\/10\/agencies_makehappymemories_customers_G8E1GUcKh3kAnz6Famub_2022-10-10_12-29-30_1400X_307025375_781662323128559_4610566277846301200_n-1024x767.jpeg\"},{\"@type\":\"BreadcrumbList\",\"@id\":\"https:\/\/claire-ioannis-2023.makehappymemories.com\/fr\/rsvp\/#breadcrumb\",\"itemListElement\":[{\"@type\":\"ListItem\",\"position\":1,\"name\":\"Home\",\"item\":\"https:\/\/claire-ioannis-2023.makehappymemories.com\/fr\/\"},{\"@type\":\"ListItem\",\"position\":2,\"name\":\"RSVP\"}]},{\"@type\":\"WebSite\",\"@id\":\"https:\/\/claire-ioannis-2023.makehappymemories.com\/fr\/#website\",\"url\":\"https:\/\/claire-ioannis-2023.makehappymemories.com\/fr\/\",\"name\":\"Claire &amp; Ioannis\",\"description\":\"\",\"potentialAction\":[{\"@type\":\"SearchAction\",\"target\":{\"@type\":\"EntryPoint\",\"urlTemplate\":\"https:\/\/claire-ioannis-2023.makehappymemories.com\/fr\/?s={search_term_string}\"},\"query-input\":\"required name=search_term_string\"}],\"inLanguage\":\"fr-FR\"}]}<\/script>\n<!-- \/ Yoast SEO plugin. -->","yoast_head_json":{"title":"RSVP - Claire &amp; Ioannis","robots":{"index":"index","follow":"follow","max-snippet":"max-snippet:-1","max-image-preview":"max-image-preview:large","max-video-preview":"max-video-preview:-1"},"canonical":"https:\/\/claire-ioannis-2023.makehappymemories.com\/fr\/rsvp\/","og_locale":"fr_FR","og_type":"article","og_title":"RSVP - Claire &amp; Ioannis","og_description":"Merci d&rsquo;avoir voyag\u00e9 de pr\u00e8s ou de loin pour c\u00e9l\u00e9brer cette journ\u00e9e sp\u00e9ciale avec nous. Veuillez remplir le formulaire ci-dessous avant le 9 mai 2023. Si vous avez des questions, n&rsquo;h\u00e9sitez pas \u00e0 nous contacter.","og_url":"https:\/\/claire-ioannis-2023.makehappymemories.com\/fr\/rsvp\/","og_site_name":"Claire &amp; Ioannis","article_modified_time":"2023-04-03T08:10:27+00:00","og_image":[{"url":"https:\/\/claire-ioannis-2023.makehappymemories.com\/wp-content\/uploads\/sites\/7\/2022\/10\/agencies_makehappymemories_customers_G8E1GUcKh3kAnz6Famub_2022-10-10_12-29-30_1400X_307025375_781662323128559_4610566277846301200_n-1024x767.jpeg"}],"twitter_card":"summary_large_image","schema":{"@context":"https:\/\/schema.org","@graph":[{"@type":"WebPage","@id":"https:\/\/claire-ioannis-2023.makehappymemories.com\/fr\/rsvp\/","url":"https:\/\/claire-ioannis-2023.makehappymemories.com\/fr\/rsvp\/","name":"RSVP - Claire &amp; Ioannis","isPartOf":{"@id":"https:\/\/claire-ioannis-2023.makehappymemories.com\/fr\/#website"},"primaryImageOfPage":{"@id":"https:\/\/claire-ioannis-2023.makehappymemories.com\/fr\/rsvp\/#primaryimage"},"image":{"@id":"https:\/\/claire-ioannis-2023.makehappymemories.com\/fr\/rsvp\/#primaryimage"},"thumbnailUrl":"https:\/\/claire-ioannis-2023.makehappymemories.com\/wp-content\/uploads\/sites\/7\/2022\/10\/agencies_makehappymemories_customers_G8E1GUcKh3kAnz6Famub_2022-10-10_12-29-30_1400X_307025375_781662323128559_4610566277846301200_n-1024x767.jpeg","datePublished":"2019-12-23T23:09:27+00:00","dateModified":"2023-04-03T08:10:27+00:00","breadcrumb":{"@id":"https:\/\/claire-ioannis-2023.makehappymemories.com\/fr\/rsvp\/#breadcrumb"},"inLanguage":"fr-FR","potentialAction":[{"@type":"ReadAction","target":["https:\/\/claire-ioannis-2023.makehappymemories.com\/fr\/rsvp\/"]}]},{"@type":"ImageObject","inLanguage":"fr-FR","@id":"https:\/\/claire-ioannis-2023.makehappymemories.com\/fr\/rsvp\/#primaryimage","url":"https:\/\/claire-ioannis-2023.makehappymemories.com\/wp-content\/uploads\/sites\/7\/2022\/10\/agencies_makehappymemories_customers_G8E1GUcKh3kAnz6Famub_2022-10-10_12-29-30_1400X_307025375_781662323128559_4610566277846301200_n-1024x767.jpeg","contentUrl":"https:\/\/claire-ioannis-2023.makehappymemories.com\/wp-content\/uploads\/sites\/7\/2022\/10\/agencies_makehappymemories_customers_G8E1GUcKh3kAnz6Famub_2022-10-10_12-29-30_1400X_307025375_781662323128559_4610566277846301200_n-1024x767.jpeg"},{"@type":"BreadcrumbList","@id":"https:\/\/claire-ioannis-2023.makehappymemories.com\/fr\/rsvp\/#breadcrumb","itemListElement":[{"@type":"ListItem","position":1,"name":"Home","item":"https:\/\/claire-ioannis-2023.makehappymemories.com\/fr\/"},{"@type":"ListItem","position":2,"name":"RSVP"}]},{"@type":"WebSite","@id":"https:\/\/claire-ioannis-2023.makehappymemories.com\/fr\/#website","url":"https:\/\/claire-ioannis-2023.makehappymemories.com\/fr\/","name":"Claire &amp; Ioannis","description":"","potentialAction":[{"@type":"SearchAction","target":{"@type":"EntryPoint","urlTemplate":"https:\/\/claire-ioannis-2023.makehappymemories.com\/fr\/?s={search_term_string}"},"query-input":"required name=search_term_string"}],"inLanguage":"fr-FR"}]}},"_links":{"self":[{"href":"https:\/\/claire-ioannis-2023.makehappymemories.com\/fr\/wp-json\/wp\/v2\/pages\/2634","targetHints":{"allow":["GET"]}}],"collection":[{"href":"https:\/\/claire-ioannis-2023.makehappymemories.com\/fr\/wp-json\/wp\/v2\/pages"}],"about":[{"href":"https:\/\/claire-ioannis-2023.makehappymemories.com\/fr\/wp-json\/wp\/v2\/types\/page"}],"author":[{"embeddable":true,"href":"https:\/\/claire-ioannis-2023.makehappymemories.com\/fr\/wp-json\/wp\/v2\/users\/2"}],"replies":[{"embeddable":true,"href":"https:\/\/claire-ioannis-2023.makehappymemories.com\/fr\/wp-json\/wp\/v2\/comments?post=2634"}],"version-history":[{"count":3,"href":"https:\/\/claire-ioannis-2023.makehappymemories.com\/fr\/wp-json\/wp\/v2\/pages\/2634\/revisions"}],"predecessor-version":[{"id":3517,"href":"https:\/\/claire-ioannis-2023.makehappymemories.com\/fr\/wp-json\/wp\/v2\/pages\/2634\/revisions\/3517"}],"wp:attachment":[{"href":"https:\/\/claire-ioannis-2023.makehappymemories.com\/fr\/wp-json\/wp\/v2\/media?parent=2634"}],"curies":[{"name":"wp","href":"https:\/\/api.w.org\/{rel}","templated":true}]}}