{"id":2808,"date":"2020-01-16T12:36:30","date_gmt":"2020-01-16T12:36:30","guid":{"rendered":"https:\/\/claire-ioannis-2023.makehappymemories.com\/how-to-reach-the-island\/"},"modified":"2022-11-22T12:55:05","modified_gmt":"2022-11-22T12:55:05","slug":"how-to-reach-the-island","status":"publish","type":"page","link":"https:\/\/claire-ioannis-2023.makehappymemories.com\/fr\/how-to-reach-the-island\/","title":{"rendered":"Aller \u00e0 Sifnos"},"content":{"rendered":"\t\t<div data-elementor-type=\"wp-page\" data-elementor-id=\"2808\" class=\"elementor elementor-2808 elementor-725\" data-elementor-post-type=\"page\">\n\t\t\t\t\t\t<section class=\"elementor-section elementor-top-section elementor-element elementor-element-383e74dd elementor-section-full_width elementor-section-height-default elementor-section-height-default\" data-id=\"383e74dd\" data-element_type=\"section\" data-e-type=\"section\" data-settings=\"{&quot;background_background&quot;:&quot;classic&quot;}\">\n\t\t\t\t\t\t<div class=\"elementor-container elementor-column-gap-no\">\n\t\t\t\t\t<div class=\"elementor-column elementor-col-100 elementor-top-column elementor-element elementor-element-5e851758\" data-id=\"5e851758\" data-element_type=\"column\" data-e-type=\"column\" data-settings=\"{&quot;background_background&quot;:&quot;classic&quot;}\">\n\t\t\t<div class=\"elementor-widget-wrap elementor-element-populated\">\n\t\t\t\t\t\t<section class=\"elementor-section elementor-inner-section elementor-element elementor-element-10b9c356 elementor-section-full_width elementor-section-height-default elementor-section-height-default\" data-id=\"10b9c356\" data-element_type=\"section\" data-e-type=\"section\" data-settings=\"{&quot;background_background&quot;:&quot;classic&quot;}\">\n\t\t\t\t\t\t<div class=\"elementor-container elementor-column-gap-default\">\n\t\t\t\t\t<div class=\"elementor-column elementor-col-100 elementor-inner-column elementor-element elementor-element-40b6bc4b\" data-id=\"40b6bc4b\" data-element_type=\"column\" data-e-type=\"column\">\n\t\t\t<div class=\"elementor-widget-wrap elementor-element-populated\">\n\t\t\t\t\t\t<div class=\"elementor-element elementor-element-480a60bc animated-slow elementor-invisible elementor-widget elementor-widget-heading\" data-id=\"480a60bc\" data-element_type=\"widget\" data-e-type=\"widget\" data-settings=\"{&quot;_animation&quot;:&quot;slideInRight&quot;}\" data-widget_type=\"heading.default\">\n\t\t\t\t<div class=\"elementor-widget-container\">\n\t\t\t\t\t<h4 class=\"elementor-heading-title elementor-size-default\">Comment aller \u00e0 Sifnos<\/h4>\t\t\t\t<\/div>\n\t\t\t\t<\/div>\n\t\t\t\t\t<\/div>\n\t\t<\/div>\n\t\t\t\t\t<\/div>\n\t\t<\/section>\n\t\t\t\t\t<\/div>\n\t\t<\/div>\n\t\t\t\t\t<\/div>\n\t\t<\/section>\n\t\t\t\t<section class=\"elementor-section elementor-top-section elementor-element elementor-element-16c06c7a elementor-section-full_width elementor-section-content-middle elementor-section-height-default elementor-section-height-default\" data-id=\"16c06c7a\" data-element_type=\"section\" data-e-type=\"section\">\n\t\t\t\t\t\t<div class=\"elementor-container elementor-column-gap-no\">\n\t\t\t\t\t<div class=\"elementor-column elementor-col-50 elementor-top-column elementor-element elementor-element-2c2758a6\" data-id=\"2c2758a6\" data-element_type=\"column\" data-e-type=\"column\" data-settings=\"{&quot;background_background&quot;:&quot;classic&quot;}\">\n\t\t\t<div class=\"elementor-widget-wrap elementor-element-populated\">\n\t\t\t\t\t\t<div class=\"elementor-element elementor-element-50d094d3 elementor-widget__width-auto elementor-invisible elementor-widget elementor-widget-heading\" data-id=\"50d094d3\" data-element_type=\"widget\" data-e-type=\"widget\" data-settings=\"{&quot;_animation&quot;:&quot;fadeInDown&quot;}\" data-widget_type=\"heading.default\">\n\t\t\t\t<div class=\"elementor-widget-container\">\n\t\t\t\t\t<h2 class=\"elementor-heading-title elementor-size-default\">a<\/h2>\t\t\t\t<\/div>\n\t\t\t\t<\/div>\n\t\t\t\t<div class=\"elementor-element elementor-element-a76802 elementor-widget__width-auto elementor-invisible elementor-widget elementor-widget-heading\" data-id=\"a76802\" data-element_type=\"widget\" data-e-type=\"widget\" data-settings=\"{&quot;_animation&quot;:&quot;fadeInUp&quot;}\" data-widget_type=\"heading.default\">\n\t\t\t\t<div class=\"elementor-widget-container\">\n\t\t\t\t\t<h2 class=\"elementor-heading-title elementor-size-default\">v<\/h2>\t\t\t\t<\/div>\n\t\t\t\t<\/div>\n\t\t\t\t<div class=\"elementor-element elementor-element-5ad573c7 elementor-widget__width-auto elementor-invisible elementor-widget elementor-widget-heading\" data-id=\"5ad573c7\" data-element_type=\"widget\" data-e-type=\"widget\" data-settings=\"{&quot;_animation&quot;:&quot;fadeInDown&quot;}\" data-widget_type=\"heading.default\">\n\t\t\t\t<div class=\"elementor-widget-container\">\n\t\t\t\t\t<h2 class=\"elementor-heading-title elementor-size-default\">i<\/h2>\t\t\t\t<\/div>\n\t\t\t\t<\/div>\n\t\t\t\t<div class=\"elementor-element elementor-element-349d904d elementor-widget__width-auto elementor-invisible elementor-widget elementor-widget-heading\" data-id=\"349d904d\" data-element_type=\"widget\" data-e-type=\"widget\" data-settings=\"{&quot;_animation&quot;:&quot;fadeInUp&quot;}\" data-widget_type=\"heading.default\">\n\t\t\t\t<div class=\"elementor-widget-container\">\n\t\t\t\t\t<h2 class=\"elementor-heading-title elementor-size-default\">o<\/h2>\t\t\t\t<\/div>\n\t\t\t\t<\/div>\n\t\t\t\t<div class=\"elementor-element elementor-element-14b6577 elementor-widget__width-auto elementor-invisible elementor-widget elementor-widget-heading\" data-id=\"14b6577\" data-element_type=\"widget\" data-e-type=\"widget\" data-settings=\"{&quot;_animation&quot;:&quot;fadeInDown&quot;}\" data-widget_type=\"heading.default\">\n\t\t\t\t<div class=\"elementor-widget-container\">\n\t\t\t\t\t<h2 class=\"elementor-heading-title elementor-size-default\">n<\/h2>\t\t\t\t<\/div>\n\t\t\t\t<\/div>\n\t\t\t\t\t<\/div>\n\t\t<\/div>\n\t\t\t\t<div class=\"elementor-column elementor-col-50 elementor-top-column elementor-element elementor-element-562b5f96\" data-id=\"562b5f96\" data-element_type=\"column\" data-e-type=\"column\" data-settings=\"{&quot;background_background&quot;:&quot;classic&quot;}\">\n\t\t\t<div class=\"elementor-widget-wrap elementor-element-populated\">\n\t\t\t\t\t\t<div class=\"elementor-element elementor-element-34c9dfa4 elementor-cta--skin-classic elementor-animated-content elementor-widget elementor-widget-call-to-action\" data-id=\"34c9dfa4\" data-element_type=\"widget\" data-e-type=\"widget\" data-widget_type=\"call-to-action.default\">\n\t\t\t\t<div class=\"elementor-widget-container\">\n\t\t\t\t\t\t\t<div class=\"elementor-cta\">\n\t\t\t\t\t\t\t<div class=\"elementor-cta__content\">\n\t\t\t\t\n\t\t\t\t\t\t\t\t\t<h2 class=\"elementor-cta__title elementor-cta__content-item elementor-content-item\">\n\t\t\t\t\t\tVols vers Ath\u00e8nes\t\t\t\t\t<\/h2>\n\t\t\t\t\n\t\t\t\t\t\t\t\t\t<div class=\"elementor-cta__description elementor-cta__content-item elementor-content-item\">\n\t\t\t\t\t\t<p>Nous vous recommandons de vous rendre \u00e0 l'a\u00e9roport d'Ath\u00e8nes, qui dispose des meilleures liaisons de transport vers Sifnos. Il n'y a pas d'a\u00e9roport \u00e0 Sifnos. Les a\u00e9roports les plus proches sont situ\u00e9s \u00e0 Milos et Ath\u00e8nes.<br \/>\nMilos est la destination la plus proche de Sifnos, \u00e0 seulement une heure de ferry, mais son petit a\u00e9roport local ne re\u00e7oit que des vols int\u00e9rieurs depuis Ath\u00e8nes.<br \/>\nD'autre part, l'a\u00e9roport d'Ath\u00e8nes est international et re\u00e7oit des vols int\u00e9rieurs et ext\u00e9rieurs, mais le trajet en ferry vers Sifnos prend de 2 \u00e0 3 heures, selon le navire.<\/p>\n\t\t\t\t\t<\/div>\n\t\t\t\t\n\t\t\t\t\t\t\t<\/div>\n\t\t\t\t\t\t<\/div>\n\t\t\t\t\t\t<\/div>\n\t\t\t\t<\/div>\n\t\t\t\t\t<\/div>\n\t\t<\/div>\n\t\t\t\t\t<\/div>\n\t\t<\/section>\n\t\t\t\t<section class=\"elementor-section elementor-top-section elementor-element elementor-element-38cb8a3 elementor-section-full_width elementor-section-content-middle elementor-reverse-mobile elementor-section-height-default elementor-section-height-default\" data-id=\"38cb8a3\" data-element_type=\"section\" data-e-type=\"section\">\n\t\t\t\t\t\t<div class=\"elementor-container elementor-column-gap-no\">\n\t\t\t\t\t<div class=\"elementor-column elementor-col-50 elementor-top-column elementor-element elementor-element-209ca4ae\" data-id=\"209ca4ae\" data-element_type=\"column\" data-e-type=\"column\" data-settings=\"{&quot;background_background&quot;:&quot;classic&quot;}\">\n\t\t\t<div class=\"elementor-widget-wrap elementor-element-populated\">\n\t\t\t\t\t\t<div class=\"elementor-element elementor-element-8b31ab6 elementor-cta--skin-classic elementor-animated-content elementor-widget elementor-widget-call-to-action\" data-id=\"8b31ab6\" data-element_type=\"widget\" data-e-type=\"widget\" data-widget_type=\"call-to-action.default\">\n\t\t\t\t<div class=\"elementor-widget-container\">\n\t\t\t\t\t\t\t<div class=\"elementor-cta\">\n\t\t\t\t\t\t\t<div class=\"elementor-cta__content\">\n\t\t\t\t\n\t\t\t\t\t\t\t\t\t<h2 class=\"elementor-cta__title elementor-cta__content-item elementor-content-item\">\n\t\t\t\t\t\tFerry vers Sifnos\t\t\t\t\t<\/h2>\n\t\t\t\t\n\t\t\t\t\t\t\t\t\t<div class=\"elementor-cta__description elementor-cta__content-item elementor-content-item\">\n\t\t\t\t\t\t<p>Comme il n'y a pas d'a\u00e9roport sur l'\u00eele, le seul moyen de se rendre \u00e0 Sifnos est le bateau.<br \/>\nIl y a des bateaux pour Sifnos presque tous les jours depuis le port du Pir\u00e9e \u00e0 Ath\u00e8nes, tandis qu'il existe \u00e9galement une bonne liaison par bateau entre Sifnos et d'autres \u00eeles des Cyclades. Le trajet en bateau d'Ath\u00e8nes \u00e0 Sifnos dure de 2 \u00e0 3 heures, selon le navire et l'itin\u00e9raire.<br \/>\nCe bateau relie \u00e9galement Sifnos \u00e0 d'autres \u00eeles des Cyclades, notamment Milos, Kimolos, Kythnos, Serifos et d'autres.<br \/>\nDe temps en temps en haute saison, il y a aussi des ferries pour Sifnos depuis Lavrion, le troisi\u00e8me plus grand port d'Ath\u00e8nes, situ\u00e9 du c\u00f4t\u00e9 sud de l'Attique.<\/p>\n\t\t\t\t\t<\/div>\n\t\t\t\t\n\t\t\t\t\t\t\t\t\t<div class=\"elementor-cta__button-wrapper elementor-cta__content-item elementor-content-item \">\n\t\t\t\t\t<a class=\"elementor-cta__button elementor-button elementor-size-\" href=\"https:\/\/www.ferryhopper.com\/\" target=\"_blank\">\n\t\t\t\t\t\tTROUVEZ LES HORAIRES ET R\u00c9SERVEZ DES BILLETS\u27f6\t\t\t\t\t<\/a>\n\t\t\t\t\t<\/div>\n\t\t\t\t\t\t\t<\/div>\n\t\t\t\t\t\t<\/div>\n\t\t\t\t\t\t<\/div>\n\t\t\t\t<\/div>\n\t\t\t\t\t<\/div>\n\t\t<\/div>\n\t\t\t\t<div class=\"elementor-column elementor-col-50 elementor-top-column elementor-element elementor-element-6a1d3770\" data-id=\"6a1d3770\" data-element_type=\"column\" data-e-type=\"column\" data-settings=\"{&quot;background_background&quot;:&quot;classic&quot;}\">\n\t\t\t<div class=\"elementor-widget-wrap elementor-element-populated\">\n\t\t\t\t\t\t<div class=\"elementor-element elementor-element-4c9f4c7e elementor-widget__width-auto elementor-invisible elementor-widget elementor-widget-heading\" data-id=\"4c9f4c7e\" data-element_type=\"widget\" data-e-type=\"widget\" data-settings=\"{&quot;_animation&quot;:&quot;fadeInDown&quot;}\" data-widget_type=\"heading.default\">\n\t\t\t\t<div class=\"elementor-widget-container\">\n\t\t\t\t\t<h2 class=\"elementor-heading-title elementor-size-default\">b<\/h2>\t\t\t\t<\/div>\n\t\t\t\t<\/div>\n\t\t\t\t<div class=\"elementor-element elementor-element-20c9a11f elementor-widget__width-auto elementor-invisible elementor-widget elementor-widget-heading\" data-id=\"20c9a11f\" data-element_type=\"widget\" data-e-type=\"widget\" data-settings=\"{&quot;_animation&quot;:&quot;fadeInUp&quot;}\" data-widget_type=\"heading.default\">\n\t\t\t\t<div class=\"elementor-widget-container\">\n\t\t\t\t\t<h2 class=\"elementor-heading-title elementor-size-default\">a<\/h2>\t\t\t\t<\/div>\n\t\t\t\t<\/div>\n\t\t\t\t<div class=\"elementor-element elementor-element-1cabc08 elementor-widget__width-auto elementor-invisible elementor-widget elementor-widget-heading\" data-id=\"1cabc08\" data-element_type=\"widget\" data-e-type=\"widget\" data-settings=\"{&quot;_animation&quot;:&quot;fadeInDown&quot;}\" data-widget_type=\"heading.default\">\n\t\t\t\t<div class=\"elementor-widget-container\">\n\t\t\t\t\t<h2 class=\"elementor-heading-title elementor-size-default\">t<\/h2>\t\t\t\t<\/div>\n\t\t\t\t<\/div>\n\t\t\t\t<div class=\"elementor-element elementor-element-75164fb elementor-widget__width-auto elementor-invisible elementor-widget elementor-widget-heading\" data-id=\"75164fb\" data-element_type=\"widget\" data-e-type=\"widget\" data-settings=\"{&quot;_animation&quot;:&quot;fadeInUp&quot;}\" data-widget_type=\"heading.default\">\n\t\t\t\t<div class=\"elementor-widget-container\">\n\t\t\t\t\t<h2 class=\"elementor-heading-title elementor-size-default\">e<\/h2>\t\t\t\t<\/div>\n\t\t\t\t<\/div>\n\t\t\t\t<div class=\"elementor-element elementor-element-9f52ded elementor-widget__width-auto elementor-invisible elementor-widget elementor-widget-heading\" data-id=\"9f52ded\" data-element_type=\"widget\" data-e-type=\"widget\" data-settings=\"{&quot;_animation&quot;:&quot;fadeInDown&quot;}\" data-widget_type=\"heading.default\">\n\t\t\t\t<div class=\"elementor-widget-container\">\n\t\t\t\t\t<h2 class=\"elementor-heading-title elementor-size-default\">a<\/h2>\t\t\t\t<\/div>\n\t\t\t\t<\/div>\n\t\t\t\t<div class=\"elementor-element elementor-element-689c88f elementor-widget__width-auto elementor-invisible elementor-widget elementor-widget-heading\" data-id=\"689c88f\" data-element_type=\"widget\" data-e-type=\"widget\" data-settings=\"{&quot;_animation&quot;:&quot;fadeInUp&quot;}\" data-widget_type=\"heading.default\">\n\t\t\t\t<div class=\"elementor-widget-container\">\n\t\t\t\t\t<h2 class=\"elementor-heading-title elementor-size-default\">u<\/h2>\t\t\t\t<\/div>\n\t\t\t\t<\/div>\n\t\t\t\t\t<\/div>\n\t\t<\/div>\n\t\t\t\t\t<\/div>\n\t\t<\/section>\n\t\t\t\t<\/div>\n\t\t","protected":false},"excerpt":{"rendered":"<p>Comment aller \u00e0 Sifnos a v i o n Vols vers Ath\u00e8nes Nous vous recommandons de vous rendre \u00e0 l&rsquo;a\u00e9roport d&rsquo;Ath\u00e8nes, qui dispose des meilleures liaisons de transport vers Sifnos. Il n&rsquo;y a pas d&rsquo;a\u00e9roport \u00e0 Sifnos. Les a\u00e9roports les plus proches sont situ\u00e9s \u00e0 Milos et Ath\u00e8nes. Milos est la destination la plus proche [&hellip;]<\/p>\n","protected":false},"author":4,"featured_media":0,"parent":0,"menu_order":0,"comment_status":"closed","ping_status":"closed","template":"","meta":{"footnotes":""},"class_list":["post-2808","page","type-page","status-publish","hentry"],"yoast_head":"<!-- This site is optimized with the Yoast SEO plugin v22.3 - https:\/\/yoast.com\/wordpress\/plugins\/seo\/ -->\n<title>Aller \u00e0 Sifnos - Claire &amp; Ioannis<\/title>\n<meta name=\"robots\" content=\"index, follow, max-snippet:-1, max-image-preview:large, max-video-preview:-1\" \/>\n<link rel=\"canonical\" href=\"https:\/\/claire-ioannis-2023.makehappymemories.com\/fr\/how-to-reach-the-island\/\" \/>\n<meta property=\"og:locale\" content=\"fr_FR\" \/>\n<meta property=\"og:type\" content=\"article\" \/>\n<meta property=\"og:title\" content=\"Aller \u00e0 Sifnos - Claire &amp; Ioannis\" \/>\n<meta property=\"og:description\" content=\"Comment aller \u00e0 Sifnos a v i o n Vols vers Ath\u00e8nes Nous vous recommandons de vous rendre \u00e0 l&rsquo;a\u00e9roport d&rsquo;Ath\u00e8nes, qui dispose des meilleures liaisons de transport vers Sifnos. Il n&rsquo;y a pas d&rsquo;a\u00e9roport \u00e0 Sifnos. Les a\u00e9roports les plus proches sont situ\u00e9s \u00e0 Milos et Ath\u00e8nes. Milos est la destination la plus proche [&hellip;]\" \/>\n<meta property=\"og:url\" content=\"https:\/\/claire-ioannis-2023.makehappymemories.com\/fr\/how-to-reach-the-island\/\" \/>\n<meta property=\"og:site_name\" content=\"Claire &amp; Ioannis\" \/>\n<meta property=\"article:modified_time\" content=\"2022-11-22T12:55:05+00:00\" \/>\n<meta name=\"twitter:card\" content=\"summary_large_image\" \/>\n<meta name=\"twitter:label1\" content=\"Dur\u00e9e de lecture estim\u00e9e\" \/>\n\t<meta name=\"twitter:data1\" content=\"2 minutes\" \/>\n<script type=\"application\/ld+json\" class=\"yoast-schema-graph\">{\"@context\":\"https:\/\/schema.org\",\"@graph\":[{\"@type\":\"WebPage\",\"@id\":\"https:\/\/claire-ioannis-2023.makehappymemories.com\/fr\/how-to-reach-the-island\/\",\"url\":\"https:\/\/claire-ioannis-2023.makehappymemories.com\/fr\/how-to-reach-the-island\/\",\"name\":\"Aller \u00e0 Sifnos - Claire &amp; Ioannis\",\"isPartOf\":{\"@id\":\"https:\/\/claire-ioannis-2023.makehappymemories.com\/fr\/#website\"},\"datePublished\":\"2020-01-16T12:36:30+00:00\",\"dateModified\":\"2022-11-22T12:55:05+00:00\",\"breadcrumb\":{\"@id\":\"https:\/\/claire-ioannis-2023.makehappymemories.com\/fr\/how-to-reach-the-island\/#breadcrumb\"},\"inLanguage\":\"fr-FR\",\"potentialAction\":[{\"@type\":\"ReadAction\",\"target\":[\"https:\/\/claire-ioannis-2023.makehappymemories.com\/fr\/how-to-reach-the-island\/\"]}]},{\"@type\":\"BreadcrumbList\",\"@id\":\"https:\/\/claire-ioannis-2023.makehappymemories.com\/fr\/how-to-reach-the-island\/#breadcrumb\",\"itemListElement\":[{\"@type\":\"ListItem\",\"position\":1,\"name\":\"Home\",\"item\":\"https:\/\/claire-ioannis-2023.makehappymemories.com\/fr\/\"},{\"@type\":\"ListItem\",\"position\":2,\"name\":\"Aller \u00e0 Sifnos\"}]},{\"@type\":\"WebSite\",\"@id\":\"https:\/\/claire-ioannis-2023.makehappymemories.com\/fr\/#website\",\"url\":\"https:\/\/claire-ioannis-2023.makehappymemories.com\/fr\/\",\"name\":\"Claire &amp; Ioannis\",\"description\":\"\",\"potentialAction\":[{\"@type\":\"SearchAction\",\"target\":{\"@type\":\"EntryPoint\",\"urlTemplate\":\"https:\/\/claire-ioannis-2023.makehappymemories.com\/fr\/?s={search_term_string}\"},\"query-input\":\"required name=search_term_string\"}],\"inLanguage\":\"fr-FR\"}]}<\/script>\n<!-- \/ Yoast SEO plugin. -->","yoast_head_json":{"title":"Aller \u00e0 Sifnos - Claire &amp; Ioannis","robots":{"index":"index","follow":"follow","max-snippet":"max-snippet:-1","max-image-preview":"max-image-preview:large","max-video-preview":"max-video-preview:-1"},"canonical":"https:\/\/claire-ioannis-2023.makehappymemories.com\/fr\/how-to-reach-the-island\/","og_locale":"fr_FR","og_type":"article","og_title":"Aller \u00e0 Sifnos - Claire &amp; Ioannis","og_description":"Comment aller \u00e0 Sifnos a v i o n Vols vers Ath\u00e8nes Nous vous recommandons de vous rendre \u00e0 l&rsquo;a\u00e9roport d&rsquo;Ath\u00e8nes, qui dispose des meilleures liaisons de transport vers Sifnos. Il n&rsquo;y a pas d&rsquo;a\u00e9roport \u00e0 Sifnos. Les a\u00e9roports les plus proches sont situ\u00e9s \u00e0 Milos et Ath\u00e8nes. Milos est la destination la plus proche [&hellip;]","og_url":"https:\/\/claire-ioannis-2023.makehappymemories.com\/fr\/how-to-reach-the-island\/","og_site_name":"Claire &amp; Ioannis","article_modified_time":"2022-11-22T12:55:05+00:00","twitter_card":"summary_large_image","twitter_misc":{"Dur\u00e9e de lecture estim\u00e9e":"2 minutes"},"schema":{"@context":"https:\/\/schema.org","@graph":[{"@type":"WebPage","@id":"https:\/\/claire-ioannis-2023.makehappymemories.com\/fr\/how-to-reach-the-island\/","url":"https:\/\/claire-ioannis-2023.makehappymemories.com\/fr\/how-to-reach-the-island\/","name":"Aller \u00e0 Sifnos - Claire &amp; Ioannis","isPartOf":{"@id":"https:\/\/claire-ioannis-2023.makehappymemories.com\/fr\/#website"},"datePublished":"2020-01-16T12:36:30+00:00","dateModified":"2022-11-22T12:55:05+00:00","breadcrumb":{"@id":"https:\/\/claire-ioannis-2023.makehappymemories.com\/fr\/how-to-reach-the-island\/#breadcrumb"},"inLanguage":"fr-FR","potentialAction":[{"@type":"ReadAction","target":["https:\/\/claire-ioannis-2023.makehappymemories.com\/fr\/how-to-reach-the-island\/"]}]},{"@type":"BreadcrumbList","@id":"https:\/\/claire-ioannis-2023.makehappymemories.com\/fr\/how-to-reach-the-island\/#breadcrumb","itemListElement":[{"@type":"ListItem","position":1,"name":"Home","item":"https:\/\/claire-ioannis-2023.makehappymemories.com\/fr\/"},{"@type":"ListItem","position":2,"name":"Aller \u00e0 Sifnos"}]},{"@type":"WebSite","@id":"https:\/\/claire-ioannis-2023.makehappymemories.com\/fr\/#website","url":"https:\/\/claire-ioannis-2023.makehappymemories.com\/fr\/","name":"Claire &amp; Ioannis","description":"","potentialAction":[{"@type":"SearchAction","target":{"@type":"EntryPoint","urlTemplate":"https:\/\/claire-ioannis-2023.makehappymemories.com\/fr\/?s={search_term_string}"},"query-input":"required name=search_term_string"}],"inLanguage":"fr-FR"}]}},"_links":{"self":[{"href":"https:\/\/claire-ioannis-2023.makehappymemories.com\/fr\/wp-json\/wp\/v2\/pages\/2808","targetHints":{"allow":["GET"]}}],"collection":[{"href":"https:\/\/claire-ioannis-2023.makehappymemories.com\/fr\/wp-json\/wp\/v2\/pages"}],"about":[{"href":"https:\/\/claire-ioannis-2023.makehappymemories.com\/fr\/wp-json\/wp\/v2\/types\/page"}],"author":[{"embeddable":true,"href":"https:\/\/claire-ioannis-2023.makehappymemories.com\/fr\/wp-json\/wp\/v2\/users\/4"}],"replies":[{"embeddable":true,"href":"https:\/\/claire-ioannis-2023.makehappymemories.com\/fr\/wp-json\/wp\/v2\/comments?post=2808"}],"version-history":[{"count":32,"href":"https:\/\/claire-ioannis-2023.makehappymemories.com\/fr\/wp-json\/wp\/v2\/pages\/2808\/revisions"}],"predecessor-version":[{"id":3164,"href":"https:\/\/claire-ioannis-2023.makehappymemories.com\/fr\/wp-json\/wp\/v2\/pages\/2808\/revisions\/3164"}],"wp:attachment":[{"href":"https:\/\/claire-ioannis-2023.makehappymemories.com\/fr\/wp-json\/wp\/v2\/media?parent=2808"}],"curies":[{"name":"wp","href":"https:\/\/api.w.org\/{rel}","templated":true}]}}