{"id":2947,"date":"2021-02-22T08:22:19","date_gmt":"2021-02-22T08:22:19","guid":{"rendered":"https:\/\/claire-ioannis-2023.makehappymemories.com\/faqs\/"},"modified":"2023-04-03T08:08:17","modified_gmt":"2023-04-03T08:08:17","slug":"faqs","status":"publish","type":"page","link":"https:\/\/claire-ioannis-2023.makehappymemories.com\/fr\/faqs\/","title":{"rendered":"FAQs"},"content":{"rendered":"\t\t<div data-elementor-type=\"wp-page\" data-elementor-id=\"2947\" class=\"elementor elementor-2947 elementor-1163\" data-elementor-post-type=\"page\">\n\t\t\t\t\t\t<section class=\"elementor-section elementor-top-section elementor-element elementor-element-6a722fe7 elementor-section-boxed elementor-section-height-default elementor-section-height-default\" data-id=\"6a722fe7\" data-element_type=\"section\" data-e-type=\"section\">\n\t\t\t\t\t\t<div class=\"elementor-container elementor-column-gap-default\">\n\t\t\t\t\t<div class=\"elementor-column elementor-col-50 elementor-top-column elementor-element elementor-element-7c71a2f5\" data-id=\"7c71a2f5\" data-element_type=\"column\" data-e-type=\"column\">\n\t\t\t<div class=\"elementor-widget-wrap elementor-element-populated\">\n\t\t\t\t\t\t<div class=\"elementor-element elementor-element-31456cd9 elementor-widget elementor-widget-heading\" data-id=\"31456cd9\" data-element_type=\"widget\" data-e-type=\"widget\" data-widget_type=\"heading.default\">\n\t\t\t\t<div class=\"elementor-widget-container\">\n\t\t\t\t\t<h2 class=\"elementor-heading-title elementor-size-default\">01.<\/h2>\t\t\t\t<\/div>\n\t\t\t\t<\/div>\n\t\t\t\t<div class=\"elementor-element elementor-element-3cc8713f elementor-widget elementor-widget-icon-box\" data-id=\"3cc8713f\" data-element_type=\"widget\" data-e-type=\"widget\" data-widget_type=\"icon-box.default\">\n\t\t\t\t<div class=\"elementor-widget-container\">\n\t\t\t\t\t\t\t<div class=\"elementor-icon-box-wrapper\">\n\n\t\t\t\n\t\t\t\t\t\t<div class=\"elementor-icon-box-content\">\n\n\t\t\t\t\t\t\t\t\t<h3 class=\"elementor-icon-box-title\">\n\t\t\t\t\t\t<span  >\n\t\t\t\t\t\t\tQuel est l'a\u00e9roport le plus proche ? \t\t\t\t\t\t<\/span>\n\t\t\t\t\t<\/h3>\n\t\t\t\t\n\t\t\t\t\t\t\t\t\t<p class=\"elementor-icon-box-description\">\n\t\t\t\t\t\tL'a\u00e9roport international d'Ath\u00e8nes (ATH) et l'a\u00e9roport de l'\u00eele de Milos.\n\t\t\t\t\t<\/p>\n\t\t\t\t\n\t\t\t<\/div>\n\t\t\t\n\t\t<\/div>\n\t\t\t\t\t\t<\/div>\n\t\t\t\t<\/div>\n\t\t\t\t<div class=\"elementor-element elementor-element-5494a46c elementor-widget elementor-widget-heading\" data-id=\"5494a46c\" data-element_type=\"widget\" data-e-type=\"widget\" data-widget_type=\"heading.default\">\n\t\t\t\t<div class=\"elementor-widget-container\">\n\t\t\t\t\t<h2 class=\"elementor-heading-title elementor-size-default\">02.<\/h2>\t\t\t\t<\/div>\n\t\t\t\t<\/div>\n\t\t\t\t<div class=\"elementor-element elementor-element-6270794 elementor-widget elementor-widget-icon-box\" data-id=\"6270794\" data-element_type=\"widget\" data-e-type=\"widget\" data-widget_type=\"icon-box.default\">\n\t\t\t\t<div class=\"elementor-widget-container\">\n\t\t\t\t\t\t\t<div class=\"elementor-icon-box-wrapper\">\n\n\t\t\t\n\t\t\t\t\t\t<div class=\"elementor-icon-box-content\">\n\n\t\t\t\t\t\t\t\t\t<h3 class=\"elementor-icon-box-title\">\n\t\t\t\t\t\t<span  >\n\t\t\t\t\t\t\tQuel temps fera-t-il \u00e0 cette p\u00e9riode de l'ann\u00e9e ?\t\t\t\t\t\t<\/span>\n\t\t\t\t\t<\/h3>\n\t\t\t\t\n\t\t\t\t\t\t\t\t\t<p class=\"elementor-icon-box-description\">\n\t\t\t\t\t\tLa temp\u00e9rature \u00e0 Sifnos en \u00e9t\u00e9 est agr\u00e9ablement chaude!\n\nLa temp\u00e9rature moyenne \u00e0 Sifnos en juillet est de 28 \u00b0C, alors faites vos valises l\u00e9g\u00e8res et n'oubliez pas vos maillots de bain!\t\t\t\t\t<\/p>\n\t\t\t\t\n\t\t\t<\/div>\n\t\t\t\n\t\t<\/div>\n\t\t\t\t\t\t<\/div>\n\t\t\t\t<\/div>\n\t\t\t\t<div class=\"elementor-element elementor-element-6bc7780 elementor-widget elementor-widget-heading\" data-id=\"6bc7780\" data-element_type=\"widget\" data-e-type=\"widget\" data-widget_type=\"heading.default\">\n\t\t\t\t<div class=\"elementor-widget-container\">\n\t\t\t\t\t<h2 class=\"elementor-heading-title elementor-size-default\">03.<\/h2>\t\t\t\t<\/div>\n\t\t\t\t<\/div>\n\t\t\t\t<div class=\"elementor-element elementor-element-478c0b8a elementor-widget elementor-widget-icon-box\" data-id=\"478c0b8a\" data-element_type=\"widget\" data-e-type=\"widget\" data-widget_type=\"icon-box.default\">\n\t\t\t\t<div class=\"elementor-widget-container\">\n\t\t\t\t\t\t\t<div class=\"elementor-icon-box-wrapper\">\n\n\t\t\t\n\t\t\t\t\t\t<div class=\"elementor-icon-box-content\">\n\n\t\t\t\t\t\t\t\t\t<h3 class=\"elementor-icon-box-title\">\n\t\t\t\t\t\t<span  >\n\t\t\t\t\t\t\tAurai-je besoin d'une voiture de location?\t\t\t\t\t\t<\/span>\n\t\t\t\t\t<\/h3>\n\t\t\t\t\n\t\t\t\t\t\t\t\t\t<p class=\"elementor-icon-box-description\">\n\t\t\t\t\t\tNous vous recommandons vivement de louer une voiture, car c'est le moyen le plus simple de se rendre sur le site et d'explorer la r\u00e9gion. Il existe des services de bus et des taxis locaux sur l'\u00eele, bien que les chauffeurs ne parlent pas anglais et qu'il soit difficile d'en trouver un. \t\t\t\t\t<\/p>\n\t\t\t\t\n\t\t\t<\/div>\n\t\t\t\n\t\t<\/div>\n\t\t\t\t\t\t<\/div>\n\t\t\t\t<\/div>\n\t\t\t\t<div class=\"elementor-element elementor-element-b8468ac elementor-widget elementor-widget-heading\" data-id=\"b8468ac\" data-element_type=\"widget\" data-e-type=\"widget\" data-widget_type=\"heading.default\">\n\t\t\t\t<div class=\"elementor-widget-container\">\n\t\t\t\t\t<h2 class=\"elementor-heading-title elementor-size-default\">04.<\/h2>\t\t\t\t<\/div>\n\t\t\t\t<\/div>\n\t\t\t\t<div class=\"elementor-element elementor-element-02c5b7e elementor-widget elementor-widget-icon-box\" data-id=\"02c5b7e\" data-element_type=\"widget\" data-e-type=\"widget\" data-widget_type=\"icon-box.default\">\n\t\t\t\t<div class=\"elementor-widget-container\">\n\t\t\t\t\t\t\t<div class=\"elementor-icon-box-wrapper\">\n\n\t\t\t\n\t\t\t\t\t\t<div class=\"elementor-icon-box-content\">\n\n\t\t\t\t\t\t\t\t\t<h3 class=\"elementor-icon-box-title\">\n\t\t\t\t\t\t<span  >\n\t\t\t\t\t\t\tLa c\u00e9r\u00e9monie et la r\u00e9ception auront-elles lieu \u00e0 l'int\u00e9rieur ou \u00e0 l'ext\u00e9rieur?\t\t\t\t\t\t<\/span>\n\t\t\t\t\t<\/h3>\n\t\t\t\t\n\t\t\t\t\t\t\t\t\t<p class=\"elementor-icon-box-description\">\n\t\t\t\t\t\tLa c\u00e9r\u00e9monie et la r\u00e9ception auront lieu \u00e0 l'ext\u00e9rieur.\t\t\t\t\t<\/p>\n\t\t\t\t\n\t\t\t<\/div>\n\t\t\t\n\t\t<\/div>\n\t\t\t\t\t\t<\/div>\n\t\t\t\t<\/div>\n\t\t\t\t\t<\/div>\n\t\t<\/div>\n\t\t\t\t<div class=\"elementor-column elementor-col-50 elementor-top-column elementor-element elementor-element-3e58da32\" data-id=\"3e58da32\" data-element_type=\"column\" data-e-type=\"column\">\n\t\t\t<div class=\"elementor-widget-wrap elementor-element-populated\">\n\t\t\t\t\t\t<div class=\"elementor-element elementor-element-3da9d7f elementor-widget elementor-widget-heading\" data-id=\"3da9d7f\" data-element_type=\"widget\" data-e-type=\"widget\" data-widget_type=\"heading.default\">\n\t\t\t\t<div class=\"elementor-widget-container\">\n\t\t\t\t\t<h2 class=\"elementor-heading-title elementor-size-default\">05.<\/h2>\t\t\t\t<\/div>\n\t\t\t\t<\/div>\n\t\t\t\t<div class=\"elementor-element elementor-element-3e846de elementor-widget elementor-widget-icon-box\" data-id=\"3e846de\" data-element_type=\"widget\" data-e-type=\"widget\" data-widget_type=\"icon-box.default\">\n\t\t\t\t<div class=\"elementor-widget-container\">\n\t\t\t\t\t\t\t<div class=\"elementor-icon-box-wrapper\">\n\n\t\t\t\n\t\t\t\t\t\t<div class=\"elementor-icon-box-content\">\n\n\t\t\t\t\t\t\t\t\t<h3 class=\"elementor-icon-box-title\">\n\t\t\t\t\t\t<span  >\n\t\t\t\t\t\t\tQue se passe-t-il apr\u00e8s la c\u00e9r\u00e9monie?\t\t\t\t\t\t<\/span>\n\t\t\t\t\t<\/h3>\n\t\t\t\t\n\t\t\t\t\t\t\t\t\t<p class=\"elementor-icon-box-description\">\n\t\t\t\t\t\tApr\u00e8s la c\u00e9r\u00e9monie, les mari\u00e9s prendront des photos \u00e0 proximit\u00e9 pendant environ une heure. Les invit\u00e9s peuvent se rendre directement au lieu du mariage (plage de Lazarou) o\u00f9 nous servirons des mises en bouche et des boissons.\t\t\t\t\t<\/p>\n\t\t\t\t\n\t\t\t<\/div>\n\t\t\t\n\t\t<\/div>\n\t\t\t\t\t\t<\/div>\n\t\t\t\t<\/div>\n\t\t\t\t<div class=\"elementor-element elementor-element-2f2250ee elementor-widget elementor-widget-heading\" data-id=\"2f2250ee\" data-element_type=\"widget\" data-e-type=\"widget\" data-widget_type=\"heading.default\">\n\t\t\t\t<div class=\"elementor-widget-container\">\n\t\t\t\t\t<h2 class=\"elementor-heading-title elementor-size-default\">06.<\/h2>\t\t\t\t<\/div>\n\t\t\t\t<\/div>\n\t\t\t\t<div class=\"elementor-element elementor-element-1a52e28f elementor-widget elementor-widget-icon-box\" data-id=\"1a52e28f\" data-element_type=\"widget\" data-e-type=\"widget\" data-widget_type=\"icon-box.default\">\n\t\t\t\t<div class=\"elementor-widget-container\">\n\t\t\t\t\t\t\t<div class=\"elementor-icon-box-wrapper\">\n\n\t\t\t\n\t\t\t\t\t\t<div class=\"elementor-icon-box-content\">\n\n\t\t\t\t\t\t\t\t\t<h3 class=\"elementor-icon-box-title\">\n\t\t\t\t\t\t<span  >\n\t\t\t\t\t\t\tQuel est le code vestimentaire? \t\t\t\t\t\t<\/span>\n\t\t\t\t\t<\/h3>\n\t\t\t\t\n\t\t\t\t\t\t\t\t\t<p class=\"elementor-icon-box-description\">\n\t\t\t\t\t\tIl fait chaud en Gr\u00e8ce l\u2019\u00e9t\u00e9, alors habillez-vous pour la chaleur. Le code vestimentaire du samedi soir est chic et d\u00e9contract\u00e9. Pour le dimanche, nous vous proposons de venir avec une tenue \u00e9l\u00e9gante sans oublier la temp\u00e9rature! \t\t\t\t\t<\/p>\n\t\t\t\t\n\t\t\t<\/div>\n\t\t\t\n\t\t<\/div>\n\t\t\t\t\t\t<\/div>\n\t\t\t\t<\/div>\n\t\t\t\t<div class=\"elementor-element elementor-element-3338476 elementor-widget elementor-widget-heading\" data-id=\"3338476\" data-element_type=\"widget\" data-e-type=\"widget\" data-widget_type=\"heading.default\">\n\t\t\t\t<div class=\"elementor-widget-container\">\n\t\t\t\t\t<h2 class=\"elementor-heading-title elementor-size-default\">07.<\/h2>\t\t\t\t<\/div>\n\t\t\t\t<\/div>\n\t\t\t\t<div class=\"elementor-element elementor-element-42939926 elementor-widget elementor-widget-icon-box\" data-id=\"42939926\" data-element_type=\"widget\" data-e-type=\"widget\" data-widget_type=\"icon-box.default\">\n\t\t\t\t<div class=\"elementor-widget-container\">\n\t\t\t\t\t\t\t<div class=\"elementor-icon-box-wrapper\">\n\n\t\t\t\n\t\t\t\t\t\t<div class=\"elementor-icon-box-content\">\n\n\t\t\t\t\t\t\t\t\t<h3 class=\"elementor-icon-box-title\">\n\t\t\t\t\t\t<span  >\n\t\t\t\t\t\t\tA quelle heure dois-je arriver ?\t\t\t\t\t\t<\/span>\n\t\t\t\t\t<\/h3>\n\t\t\t\t\n\t\t\t\t\t\t\t\t\t<p class=\"elementor-icon-box-description\">\n\t\t\t\t\t\tNous vous recommandons d\u2019arriver 30 minutes avant l\u2019heure indiqu\u00e9e pour que la c\u00e9r\u00e9monie puisse commencer \u00e0 l\u2019heure.\t\t\t\t\t<\/p>\n\t\t\t\t\n\t\t\t<\/div>\n\t\t\t\n\t\t<\/div>\n\t\t\t\t\t\t<\/div>\n\t\t\t\t<\/div>\n\t\t\t\t<div class=\"elementor-element elementor-element-bcbd06e elementor-widget elementor-widget-heading\" data-id=\"bcbd06e\" data-element_type=\"widget\" data-e-type=\"widget\" data-widget_type=\"heading.default\">\n\t\t\t\t<div class=\"elementor-widget-container\">\n\t\t\t\t\t<h2 class=\"elementor-heading-title elementor-size-default\">08.<\/h2>\t\t\t\t<\/div>\n\t\t\t\t<\/div>\n\t\t\t\t<div class=\"elementor-element elementor-element-8d4dd9e elementor-widget elementor-widget-icon-box\" data-id=\"8d4dd9e\" data-element_type=\"widget\" data-e-type=\"widget\" data-widget_type=\"icon-box.default\">\n\t\t\t\t<div class=\"elementor-widget-container\">\n\t\t\t\t\t\t\t<div class=\"elementor-icon-box-wrapper\">\n\n\t\t\t\n\t\t\t\t\t\t<div class=\"elementor-icon-box-content\">\n\n\t\t\t\t\t\t\t\t\t<h3 class=\"elementor-icon-box-title\">\n\t\t\t\t\t\t<a href=\"https:\/\/claire-ioannis-2023.makehappymemories.com\/fr\/rsvp\/\" target=\"_blank\" >\n\t\t\t\t\t\t\t Puis-je me garer pr\u00e8s de la c\u00e9r\u00e9monie? \t\t\t\t\t\t<\/a>\n\t\t\t\t\t<\/h3>\n\t\t\t\t\n\t\t\t\t\t\t\t\t\t<p class=\"elementor-icon-box-description\">\n\t\t\t\t\t\tOui. Le parking est gratuit. \t\t\t\t\t<\/p>\n\t\t\t\t\n\t\t\t<\/div>\n\t\t\t\n\t\t<\/div>\n\t\t\t\t\t\t<\/div>\n\t\t\t\t<\/div>\n\t\t\t\t<div class=\"elementor-element elementor-element-0f10e03 elementor-widget elementor-widget-heading\" data-id=\"0f10e03\" data-element_type=\"widget\" data-e-type=\"widget\" data-widget_type=\"heading.default\">\n\t\t\t\t<div class=\"elementor-widget-container\">\n\t\t\t\t\t<h2 class=\"elementor-heading-title elementor-size-default\">09.<\/h2>\t\t\t\t<\/div>\n\t\t\t\t<\/div>\n\t\t\t\t<div class=\"elementor-element elementor-element-10f9a80 elementor-widget elementor-widget-icon-box\" data-id=\"10f9a80\" data-element_type=\"widget\" data-e-type=\"widget\" data-widget_type=\"icon-box.default\">\n\t\t\t\t<div class=\"elementor-widget-container\">\n\t\t\t\t\t\t\t<div class=\"elementor-icon-box-wrapper\">\n\n\t\t\t\n\t\t\t\t\t\t<div class=\"elementor-icon-box-content\">\n\n\t\t\t\t\t\t\t\t\t<h3 class=\"elementor-icon-box-title\">\n\t\t\t\t\t\t<a href=\"https:\/\/claire-ioannis-2023.makehappymemories.com\/fr\/rsvp\/\" target=\"_blank\" >\n\t\t\t\t\t\t\tQuand est la date butoir pour r\u00e9pondre au RSVP?\t\t\t\t\t\t<\/a>\n\t\t\t\t\t<\/h3>\n\t\t\t\t\n\t\t\t\t\t\t\t\t\t<p class=\"elementor-icon-box-description\">\n\t\t\t\t\t\tNous vous serions reconnaissants si vous pouviez r\u00e9pondre au RSVP au plus tard avant le 9 mai 2023. \t\t\t\t\t<\/p>\n\t\t\t\t\n\t\t\t<\/div>\n\t\t\t\n\t\t<\/div>\n\t\t\t\t\t\t<\/div>\n\t\t\t\t<\/div>\n\t\t\t\t\t<\/div>\n\t\t<\/div>\n\t\t\t\t\t<\/div>\n\t\t<\/section>\n\t\t\t\t<\/div>\n\t\t","protected":false},"excerpt":{"rendered":"<p>01. Quel est l&rsquo;a\u00e9roport le plus proche ? L&rsquo;a\u00e9roport international d&rsquo;Ath\u00e8nes (ATH) et l&rsquo;a\u00e9roport de l&rsquo;\u00eele de Milos. 02. Quel temps fera-t-il \u00e0 cette p\u00e9riode de l&rsquo;ann\u00e9e ? La temp\u00e9rature \u00e0 Sifnos en \u00e9t\u00e9 est agr\u00e9ablement chaude! La temp\u00e9rature moyenne \u00e0 Sifnos en juillet est de 28 \u00b0C, alors faites vos valises l\u00e9g\u00e8res et n&rsquo;oubliez [&hellip;]<\/p>\n","protected":false},"author":4,"featured_media":0,"parent":0,"menu_order":0,"comment_status":"closed","ping_status":"closed","template":"elementor_header_footer","meta":{"footnotes":""},"class_list":["post-2947","page","type-page","status-publish","hentry"],"yoast_head":"<!-- This site is optimized with the Yoast SEO plugin v22.3 - https:\/\/yoast.com\/wordpress\/plugins\/seo\/ -->\n<title>FAQs - Claire &amp; Ioannis<\/title>\n<meta name=\"robots\" content=\"index, follow, max-snippet:-1, max-image-preview:large, max-video-preview:-1\" \/>\n<link rel=\"canonical\" href=\"https:\/\/claire-ioannis-2023.makehappymemories.com\/fr\/faqs\/\" \/>\n<meta property=\"og:locale\" content=\"fr_FR\" \/>\n<meta property=\"og:type\" content=\"article\" \/>\n<meta property=\"og:title\" content=\"FAQs - Claire &amp; Ioannis\" \/>\n<meta property=\"og:description\" content=\"01. Quel est l&rsquo;a\u00e9roport le plus proche ? L&rsquo;a\u00e9roport international d&rsquo;Ath\u00e8nes (ATH) et l&rsquo;a\u00e9roport de l&rsquo;\u00eele de Milos. 02. Quel temps fera-t-il \u00e0 cette p\u00e9riode de l&rsquo;ann\u00e9e ? La temp\u00e9rature \u00e0 Sifnos en \u00e9t\u00e9 est agr\u00e9ablement chaude! La temp\u00e9rature moyenne \u00e0 Sifnos en juillet est de 28 \u00b0C, alors faites vos valises l\u00e9g\u00e8res et n&rsquo;oubliez [&hellip;]\" \/>\n<meta property=\"og:url\" content=\"https:\/\/claire-ioannis-2023.makehappymemories.com\/fr\/faqs\/\" \/>\n<meta property=\"og:site_name\" content=\"Claire &amp; Ioannis\" \/>\n<meta property=\"article:modified_time\" content=\"2023-04-03T08:08:17+00:00\" \/>\n<meta name=\"twitter:card\" content=\"summary_large_image\" \/>\n<meta name=\"twitter:label1\" content=\"Dur\u00e9e de lecture estim\u00e9e\" \/>\n\t<meta name=\"twitter:data1\" content=\"2 minutes\" \/>\n<script type=\"application\/ld+json\" class=\"yoast-schema-graph\">{\"@context\":\"https:\/\/schema.org\",\"@graph\":[{\"@type\":\"WebPage\",\"@id\":\"https:\/\/claire-ioannis-2023.makehappymemories.com\/fr\/faqs\/\",\"url\":\"https:\/\/claire-ioannis-2023.makehappymemories.com\/fr\/faqs\/\",\"name\":\"FAQs - Claire &amp; Ioannis\",\"isPartOf\":{\"@id\":\"https:\/\/claire-ioannis-2023.makehappymemories.com\/fr\/#website\"},\"datePublished\":\"2021-02-22T08:22:19+00:00\",\"dateModified\":\"2023-04-03T08:08:17+00:00\",\"breadcrumb\":{\"@id\":\"https:\/\/claire-ioannis-2023.makehappymemories.com\/fr\/faqs\/#breadcrumb\"},\"inLanguage\":\"fr-FR\",\"potentialAction\":[{\"@type\":\"ReadAction\",\"target\":[\"https:\/\/claire-ioannis-2023.makehappymemories.com\/fr\/faqs\/\"]}]},{\"@type\":\"BreadcrumbList\",\"@id\":\"https:\/\/claire-ioannis-2023.makehappymemories.com\/fr\/faqs\/#breadcrumb\",\"itemListElement\":[{\"@type\":\"ListItem\",\"position\":1,\"name\":\"Home\",\"item\":\"https:\/\/claire-ioannis-2023.makehappymemories.com\/fr\/\"},{\"@type\":\"ListItem\",\"position\":2,\"name\":\"FAQs\"}]},{\"@type\":\"WebSite\",\"@id\":\"https:\/\/claire-ioannis-2023.makehappymemories.com\/fr\/#website\",\"url\":\"https:\/\/claire-ioannis-2023.makehappymemories.com\/fr\/\",\"name\":\"Claire &amp; Ioannis\",\"description\":\"\",\"potentialAction\":[{\"@type\":\"SearchAction\",\"target\":{\"@type\":\"EntryPoint\",\"urlTemplate\":\"https:\/\/claire-ioannis-2023.makehappymemories.com\/fr\/?s={search_term_string}\"},\"query-input\":\"required name=search_term_string\"}],\"inLanguage\":\"fr-FR\"}]}<\/script>\n<!-- \/ Yoast SEO plugin. -->","yoast_head_json":{"title":"FAQs - Claire &amp; Ioannis","robots":{"index":"index","follow":"follow","max-snippet":"max-snippet:-1","max-image-preview":"max-image-preview:large","max-video-preview":"max-video-preview:-1"},"canonical":"https:\/\/claire-ioannis-2023.makehappymemories.com\/fr\/faqs\/","og_locale":"fr_FR","og_type":"article","og_title":"FAQs - Claire &amp; Ioannis","og_description":"01. Quel est l&rsquo;a\u00e9roport le plus proche ? L&rsquo;a\u00e9roport international d&rsquo;Ath\u00e8nes (ATH) et l&rsquo;a\u00e9roport de l&rsquo;\u00eele de Milos. 02. Quel temps fera-t-il \u00e0 cette p\u00e9riode de l&rsquo;ann\u00e9e ? La temp\u00e9rature \u00e0 Sifnos en \u00e9t\u00e9 est agr\u00e9ablement chaude! La temp\u00e9rature moyenne \u00e0 Sifnos en juillet est de 28 \u00b0C, alors faites vos valises l\u00e9g\u00e8res et n&rsquo;oubliez [&hellip;]","og_url":"https:\/\/claire-ioannis-2023.makehappymemories.com\/fr\/faqs\/","og_site_name":"Claire &amp; Ioannis","article_modified_time":"2023-04-03T08:08:17+00:00","twitter_card":"summary_large_image","twitter_misc":{"Dur\u00e9e de lecture estim\u00e9e":"2 minutes"},"schema":{"@context":"https:\/\/schema.org","@graph":[{"@type":"WebPage","@id":"https:\/\/claire-ioannis-2023.makehappymemories.com\/fr\/faqs\/","url":"https:\/\/claire-ioannis-2023.makehappymemories.com\/fr\/faqs\/","name":"FAQs - Claire &amp; Ioannis","isPartOf":{"@id":"https:\/\/claire-ioannis-2023.makehappymemories.com\/fr\/#website"},"datePublished":"2021-02-22T08:22:19+00:00","dateModified":"2023-04-03T08:08:17+00:00","breadcrumb":{"@id":"https:\/\/claire-ioannis-2023.makehappymemories.com\/fr\/faqs\/#breadcrumb"},"inLanguage":"fr-FR","potentialAction":[{"@type":"ReadAction","target":["https:\/\/claire-ioannis-2023.makehappymemories.com\/fr\/faqs\/"]}]},{"@type":"BreadcrumbList","@id":"https:\/\/claire-ioannis-2023.makehappymemories.com\/fr\/faqs\/#breadcrumb","itemListElement":[{"@type":"ListItem","position":1,"name":"Home","item":"https:\/\/claire-ioannis-2023.makehappymemories.com\/fr\/"},{"@type":"ListItem","position":2,"name":"FAQs"}]},{"@type":"WebSite","@id":"https:\/\/claire-ioannis-2023.makehappymemories.com\/fr\/#website","url":"https:\/\/claire-ioannis-2023.makehappymemories.com\/fr\/","name":"Claire &amp; Ioannis","description":"","potentialAction":[{"@type":"SearchAction","target":{"@type":"EntryPoint","urlTemplate":"https:\/\/claire-ioannis-2023.makehappymemories.com\/fr\/?s={search_term_string}"},"query-input":"required name=search_term_string"}],"inLanguage":"fr-FR"}]}},"_links":{"self":[{"href":"https:\/\/claire-ioannis-2023.makehappymemories.com\/fr\/wp-json\/wp\/v2\/pages\/2947","targetHints":{"allow":["GET"]}}],"collection":[{"href":"https:\/\/claire-ioannis-2023.makehappymemories.com\/fr\/wp-json\/wp\/v2\/pages"}],"about":[{"href":"https:\/\/claire-ioannis-2023.makehappymemories.com\/fr\/wp-json\/wp\/v2\/types\/page"}],"author":[{"embeddable":true,"href":"https:\/\/claire-ioannis-2023.makehappymemories.com\/fr\/wp-json\/wp\/v2\/users\/4"}],"replies":[{"embeddable":true,"href":"https:\/\/claire-ioannis-2023.makehappymemories.com\/fr\/wp-json\/wp\/v2\/comments?post=2947"}],"version-history":[{"count":6,"href":"https:\/\/claire-ioannis-2023.makehappymemories.com\/fr\/wp-json\/wp\/v2\/pages\/2947\/revisions"}],"predecessor-version":[{"id":3509,"href":"https:\/\/claire-ioannis-2023.makehappymemories.com\/fr\/wp-json\/wp\/v2\/pages\/2947\/revisions\/3509"}],"wp:attachment":[{"href":"https:\/\/claire-ioannis-2023.makehappymemories.com\/fr\/wp-json\/wp\/v2\/media?parent=2947"}],"curies":[{"name":"wp","href":"https:\/\/api.w.org\/{rel}","templated":true}]}}